{"id":831,"date":"2020-08-24T21:34:42","date_gmt":"2020-08-24T21:34:42","guid":{"rendered":"https:\/\/allsteel.dk\/news\/"},"modified":"2024-02-21T09:35:35","modified_gmt":"2024-02-21T09:35:35","slug":"news","status":"publish","type":"page","link":"https:\/\/allsteel.dk\/en\/news\/","title":{"rendered":"News"},"content":{"rendered":"\t\t<div data-elementor-type=\"wp-page\" data-elementor-id=\"831\" class=\"elementor elementor-831 elementor-18\" data-elementor-post-type=\"page\">\n\t\t\t\t\t\t<section class=\"elementor-section elementor-top-section elementor-element elementor-element-41f880f elementor-section-boxed elementor-section-height-default elementor-section-height-default\" data-id=\"41f880f\" data-element_type=\"section\" data-e-type=\"section\" data-settings=\"{&quot;jet_parallax_layout_list&quot;:[{&quot;jet_parallax_layout_image&quot;:{&quot;url&quot;:&quot;&quot;,&quot;id&quot;:&quot;&quot;,&quot;size&quot;:&quot;&quot;},&quot;_id&quot;:&quot;0dbcbbc&quot;,&quot;jet_parallax_layout_image_tablet&quot;:{&quot;url&quot;:&quot;&quot;,&quot;id&quot;:&quot;&quot;,&quot;size&quot;:&quot;&quot;},&quot;jet_parallax_layout_image_mobile&quot;:{&quot;url&quot;:&quot;&quot;,&quot;id&quot;:&quot;&quot;,&quot;size&quot;:&quot;&quot;},&quot;jet_parallax_layout_speed&quot;:{&quot;unit&quot;:&quot;%&quot;,&quot;size&quot;:50,&quot;sizes&quot;:[]},&quot;jet_parallax_layout_type&quot;:&quot;scroll&quot;,&quot;jet_parallax_layout_direction&quot;:&quot;1&quot;,&quot;jet_parallax_layout_fx_direction&quot;:null,&quot;jet_parallax_layout_z_index&quot;:&quot;&quot;,&quot;jet_parallax_layout_bg_x&quot;:50,&quot;jet_parallax_layout_bg_x_tablet&quot;:&quot;&quot;,&quot;jet_parallax_layout_bg_x_mobile&quot;:&quot;&quot;,&quot;jet_parallax_layout_bg_y&quot;:50,&quot;jet_parallax_layout_bg_y_tablet&quot;:&quot;&quot;,&quot;jet_parallax_layout_bg_y_mobile&quot;:&quot;&quot;,&quot;jet_parallax_layout_bg_size&quot;:&quot;auto&quot;,&quot;jet_parallax_layout_bg_size_tablet&quot;:&quot;&quot;,&quot;jet_parallax_layout_bg_size_mobile&quot;:&quot;&quot;,&quot;jet_parallax_layout_animation_prop&quot;:&quot;transform&quot;,&quot;jet_parallax_layout_on&quot;:[&quot;desktop&quot;,&quot;tablet&quot;]}]}\">\n\t\t\t\t\t\t<div class=\"elementor-container elementor-column-gap-default\">\n\t\t\t\t\t<div class=\"elementor-column elementor-col-100 elementor-top-column elementor-element elementor-element-05f7529\" data-id=\"05f7529\" data-element_type=\"column\" data-e-type=\"column\">\n\t\t\t<div class=\"elementor-widget-wrap elementor-element-populated\">\n\t\t\t\t\t\t<div class=\"elementor-element elementor-element-a34cf33 elementor-widget elementor-widget-heading\" data-id=\"a34cf33\" data-element_type=\"widget\" data-e-type=\"widget\" data-widget_type=\"heading.default\">\n\t\t\t\t<div class=\"elementor-widget-container\">\n\t\t\t\t\t<h1 class=\"elementor-heading-title elementor-size-default\">News<\/h1>\t\t\t\t<\/div>\n\t\t\t\t<\/div>\n\t\t\t\t<div class=\"elementor-element elementor-element-f5243cd elementor-grid-3 elementor-grid-tablet-2 elementor-grid-mobile-1 elementor-posts--thumbnail-top elementor-posts--show-avatar elementor-card-shadow-yes elementor-posts__hover-gradient elementor-widget elementor-widget-posts\" data-id=\"f5243cd\" data-element_type=\"widget\" data-e-type=\"widget\" data-settings=\"{&quot;cards_columns&quot;:&quot;3&quot;,&quot;cards_columns_tablet&quot;:&quot;2&quot;,&quot;cards_columns_mobile&quot;:&quot;1&quot;,&quot;cards_row_gap&quot;:{&quot;unit&quot;:&quot;px&quot;,&quot;size&quot;:35,&quot;sizes&quot;:[]},&quot;cards_row_gap_tablet&quot;:{&quot;unit&quot;:&quot;px&quot;,&quot;size&quot;:&quot;&quot;,&quot;sizes&quot;:[]},&quot;cards_row_gap_mobile&quot;:{&quot;unit&quot;:&quot;px&quot;,&quot;size&quot;:&quot;&quot;,&quot;sizes&quot;:[]}}\" data-widget_type=\"posts.cards\">\n\t\t\t\t<div class=\"elementor-widget-container\">\n\t\t\t\t\t\t\t<div class=\"elementor-posts-container elementor-posts elementor-posts--skin-cards elementor-grid\" role=\"list\">\n\t\t\t\t<article class=\"elementor-post elementor-grid-item post-986 post type-post status-publish format-standard has-post-thumbnail hentry category-news\" role=\"listitem\">\n\t\t\t<div class=\"elementor-post__card\">\n\t\t\t\t<a class=\"elementor-post__thumbnail__link\" href=\"https:\/\/allsteel.dk\/en\/certified-for-ce-marking\/\" tabindex=\"-1\" target=\"_blank\"><div class=\"elementor-post__thumbnail\"><img fetchpriority=\"high\" decoding=\"async\" width=\"684\" height=\"342\" src=\"https:\/\/allsteel.dk\/wp-content\/uploads\/2020\/05\/All-steel_Ropox-flag.jpg\" class=\"attachment-large size-large wp-image-722\" alt=\"Leverand\u00f8r af specialfremstillede l\u00f8sninger til personer med funktionsneds\u00e6ttelse\" srcset=\"https:\/\/allsteel.dk\/wp-content\/uploads\/2020\/05\/All-steel_Ropox-flag.jpg 684w, https:\/\/allsteel.dk\/wp-content\/uploads\/2020\/05\/All-steel_Ropox-flag-300x150.jpg 300w\" sizes=\"(max-width: 684px) 100vw, 684px\" \/><\/div><\/a>\n\t\t\t\t<div class=\"elementor-post__avatar\">\n\t\t\t<img alt='Susan-Allsteel' src='https:\/\/secure.gravatar.com\/avatar\/358d02c6047d76107b39661b16938e3b995485ee728742a15e996f096b3d4ec0?s=128&#038;d=mm&#038;r=g' srcset='https:\/\/secure.gravatar.com\/avatar\/358d02c6047d76107b39661b16938e3b995485ee728742a15e996f096b3d4ec0?s=256&#038;d=mm&#038;r=g 2x' class='avatar avatar-128 photo' height='128' width='128' loading='lazy' \/>\t\t<\/div>\n\t\t\t\t<div class=\"elementor-post__text\">\n\t\t\t\t<h3 class=\"elementor-post__title\">\n\t\t\t<a href=\"https:\/\/allsteel.dk\/en\/certified-for-ce-marking\/\" target=&quot;_blank&quot;>\n\t\t\t\tCERTIFIED FOR CE MARKING\t\t\t<\/a>\n\t\t<\/h3>\n\t\t\t\t<div class=\"elementor-post__excerpt\">\n\t\t\t<p>We are certified to CE mark steel components for buildings and constructions made in EXC1, EXC2 and EXC3 according to DS\/EN 1090-1 and DS\/EN 1090-2.<\/p>\n\t\t<\/div>\n\t\t\n\t\t<a class=\"elementor-post__read-more\" href=\"https:\/\/allsteel.dk\/en\/certified-for-ce-marking\/\" aria-label=\"Read more about CERTIFIED FOR CE MARKING\" tabindex=\"-1\" target=\"_blank\">\n\t\t\tRead More \u00bb\t\t<\/a>\n\n\t\t\t\t<\/div>\n\t\t\t\t<div class=\"elementor-post__meta-data\">\n\t\t\t\t\t<span class=\"elementor-post-avatar\">\n\t\t\tNo Comments\t\t<\/span>\n\t\t\t\t<\/div>\n\t\t\t\t\t<\/div>\n\t\t<\/article>\n\t\t\t\t<article class=\"elementor-post elementor-grid-item post-982 post type-post status-publish format-standard has-post-thumbnail hentry category-news\" role=\"listitem\">\n\t\t\t<div class=\"elementor-post__card\">\n\t\t\t\t<a class=\"elementor-post__thumbnail__link\" href=\"https:\/\/allsteel.dk\/en\/23-balconies-staircases-and-railings\/\" tabindex=\"-1\" target=\"_blank\"><div class=\"elementor-post__thumbnail\"><img decoding=\"async\" width=\"684\" height=\"304\" src=\"https:\/\/allsteel.dk\/wp-content\/uploads\/2020\/05\/Orionvej_Naestved_2.jpg\" class=\"attachment-large size-large wp-image-724\" alt=\"Altanl\u00f8sninger udf\u00f8rt i h\u00f8j kvalitet\" srcset=\"https:\/\/allsteel.dk\/wp-content\/uploads\/2020\/05\/Orionvej_Naestved_2.jpg 684w, https:\/\/allsteel.dk\/wp-content\/uploads\/2020\/05\/Orionvej_Naestved_2-300x133.jpg 300w\" sizes=\"(max-width: 684px) 100vw, 684px\" loading=\"lazy\" \/><\/div><\/a>\n\t\t\t\t<div class=\"elementor-post__avatar\">\n\t\t\t<img alt='Susan-Allsteel' src='https:\/\/secure.gravatar.com\/avatar\/358d02c6047d76107b39661b16938e3b995485ee728742a15e996f096b3d4ec0?s=128&#038;d=mm&#038;r=g' srcset='https:\/\/secure.gravatar.com\/avatar\/358d02c6047d76107b39661b16938e3b995485ee728742a15e996f096b3d4ec0?s=256&#038;d=mm&#038;r=g 2x' class='avatar avatar-128 photo' height='128' width='128' loading='lazy' \/>\t\t<\/div>\n\t\t\t\t<div class=\"elementor-post__text\">\n\t\t\t\t<h3 class=\"elementor-post__title\">\n\t\t\t<a href=\"https:\/\/allsteel.dk\/en\/23-balconies-staircases-and-railings\/\" target=&quot;_blank&quot;>\n\t\t\t\t23 BALCONIES, STAIRCASES AND RAILINGS\t\t\t<\/a>\n\t\t<\/h3>\n\t\t\t\t<div class=\"elementor-post__excerpt\">\n\t\t\t<p>On the hill behind N\u00e6stved Storcenter (Mall) owner-occupied homes and rented housings have been developed, and they are placed with a fantastic view over the city.<br \/>\nAll Steel delivered 23 balconies, staircases and balcony railings for the new housing area.<\/p>\n\t\t<\/div>\n\t\t\n\t\t<a class=\"elementor-post__read-more\" href=\"https:\/\/allsteel.dk\/en\/23-balconies-staircases-and-railings\/\" aria-label=\"Read more about 23 BALCONIES, STAIRCASES AND RAILINGS\" tabindex=\"-1\" target=\"_blank\">\n\t\t\tRead More \u00bb\t\t<\/a>\n\n\t\t\t\t<\/div>\n\t\t\t\t<div class=\"elementor-post__meta-data\">\n\t\t\t\t\t<span class=\"elementor-post-avatar\">\n\t\t\tNo Comments\t\t<\/span>\n\t\t\t\t<\/div>\n\t\t\t\t\t<\/div>\n\t\t<\/article>\n\t\t\t\t<article class=\"elementor-post elementor-grid-item post-980 post type-post status-publish format-standard has-post-thumbnail hentry category-news\" role=\"listitem\">\n\t\t\t<div class=\"elementor-post__card\">\n\t\t\t\t<a class=\"elementor-post__thumbnail__link\" href=\"https:\/\/allsteel.dk\/en\/robotic-welding-shortens-delivery-times\/\" tabindex=\"-1\" target=\"_blank\"><div class=\"elementor-post__thumbnail\"><img decoding=\"async\" width=\"684\" height=\"413\" src=\"https:\/\/allsteel.dk\/wp-content\/uploads\/2020\/05\/Svejserobot.jpg\" class=\"attachment-large size-large wp-image-725\" alt=\"Svejserobot\" srcset=\"https:\/\/allsteel.dk\/wp-content\/uploads\/2020\/05\/Svejserobot.jpg 684w, https:\/\/allsteel.dk\/wp-content\/uploads\/2020\/05\/Svejserobot-300x181.jpg 300w\" sizes=\"(max-width: 684px) 100vw, 684px\" loading=\"lazy\" \/><\/div><\/a>\n\t\t\t\t<div class=\"elementor-post__avatar\">\n\t\t\t<img alt='Susan-Allsteel' src='https:\/\/secure.gravatar.com\/avatar\/358d02c6047d76107b39661b16938e3b995485ee728742a15e996f096b3d4ec0?s=128&#038;d=mm&#038;r=g' srcset='https:\/\/secure.gravatar.com\/avatar\/358d02c6047d76107b39661b16938e3b995485ee728742a15e996f096b3d4ec0?s=256&#038;d=mm&#038;r=g 2x' class='avatar avatar-128 photo' height='128' width='128' loading='lazy' \/>\t\t<\/div>\n\t\t\t\t<div class=\"elementor-post__text\">\n\t\t\t\t<h3 class=\"elementor-post__title\">\n\t\t\t<a href=\"https:\/\/allsteel.dk\/en\/robotic-welding-shortens-delivery-times\/\" target=&quot;_blank&quot;>\n\t\t\t\tROBOTIC WELDING SHORTENS DELIVERY TIME\t\t\t<\/a>\n\t\t<\/h3>\n\t\t\t\t<div class=\"elementor-post__excerpt\">\n\t\t\t<p>All Steel has long wanted to optimise work processes to offer our customers a shorter delivery time.<\/p>\n\t\t<\/div>\n\t\t\n\t\t<a class=\"elementor-post__read-more\" href=\"https:\/\/allsteel.dk\/en\/robotic-welding-shortens-delivery-times\/\" aria-label=\"Read more about ROBOTIC WELDING SHORTENS DELIVERY TIME\" tabindex=\"-1\" target=\"_blank\">\n\t\t\tRead More \u00bb\t\t<\/a>\n\n\t\t\t\t<\/div>\n\t\t\t\t<div class=\"elementor-post__meta-data\">\n\t\t\t\t\t<span class=\"elementor-post-avatar\">\n\t\t\tNo Comments\t\t<\/span>\n\t\t\t\t<\/div>\n\t\t\t\t\t<\/div>\n\t\t<\/article>\n\t\t\t\t<\/div>\n\t\t\n\t\t\t\t\t\t<\/div>\n\t\t\t\t<\/div>\n\t\t\t\t\t<\/div>\n\t\t<\/div>\n\t\t\t\t\t<\/div>\n\t\t<\/section>\n\t\t\t\t<\/div>\n\t\t","protected":false},"excerpt":{"rendered":"<p>News<\/p>\n","protected":false},"author":9,"featured_media":0,"parent":0,"menu_order":0,"comment_status":"closed","ping_status":"closed","template":"elementor_header_footer","meta":{"_acf_changed":false,"footnotes":""},"class_list":["post-831","page","type-page","status-publish","hentry"],"acf":[],"yoast_head":"<!-- This site is optimized with the Yoast SEO plugin v27.2 - https:\/\/yoast.com\/product\/yoast-seo-wordpress\/ -->\n<title>News - Velkommen til All Steel<\/title>\n<meta name=\"description\" content=\"News. Find out more about the certification for CE marking, how robotic welding can be programmed for different tasks and other news.\" \/>\n<meta name=\"robots\" content=\"index, follow, max-snippet:-1, max-image-preview:large, max-video-preview:-1\" \/>\n<link rel=\"canonical\" href=\"https:\/\/allsteel.dk\/en\/news\/\" \/>\n<meta property=\"og:locale\" content=\"en_US\" \/>\n<meta property=\"og:type\" content=\"article\" \/>\n<meta property=\"og:title\" content=\"News - Velkommen til All Steel\" \/>\n<meta property=\"og:description\" content=\"News. Find out more about the certification for CE marking, how robotic welding can be programmed for different tasks and other news.\" \/>\n<meta property=\"og:url\" content=\"https:\/\/allsteel.dk\/en\/news\/\" \/>\n<meta property=\"og:site_name\" content=\"Velkommen til All Steel\" \/>\n<meta property=\"article:modified_time\" content=\"2024-02-21T09:35:35+00:00\" \/>\n<meta name=\"twitter:card\" content=\"summary_large_image\" \/>\n<meta name=\"twitter:label1\" content=\"Est. reading time\" \/>\n\t<meta name=\"twitter:data1\" content=\"2 minutes\" \/>\n<script type=\"application\/ld+json\" class=\"yoast-schema-graph\">{\"@context\":\"https:\/\/schema.org\",\"@graph\":[{\"@type\":\"WebPage\",\"@id\":\"https:\/\/allsteel.dk\/en\/news\/\",\"url\":\"https:\/\/allsteel.dk\/en\/news\/\",\"name\":\"News - Velkommen til All Steel\",\"isPartOf\":{\"@id\":\"https:\/\/allsteel.dk\/en\/#website\"},\"datePublished\":\"2020-08-24T21:34:42+00:00\",\"dateModified\":\"2024-02-21T09:35:35+00:00\",\"description\":\"News. Find out more about the certification for CE marking, how robotic welding can be programmed for different tasks and other news.\",\"breadcrumb\":{\"@id\":\"https:\/\/allsteel.dk\/en\/news\/#breadcrumb\"},\"inLanguage\":\"en-US\",\"potentialAction\":[{\"@type\":\"ReadAction\",\"target\":[\"https:\/\/allsteel.dk\/en\/news\/\"]}]},{\"@type\":\"BreadcrumbList\",\"@id\":\"https:\/\/allsteel.dk\/en\/news\/#breadcrumb\",\"itemListElement\":[{\"@type\":\"ListItem\",\"position\":1,\"name\":\"All Steel\",\"item\":\"https:\/\/allsteel.dk\/en\/all-steel\/\"},{\"@type\":\"ListItem\",\"position\":2,\"name\":\"News\"}]},{\"@type\":\"WebSite\",\"@id\":\"https:\/\/allsteel.dk\/en\/#website\",\"url\":\"https:\/\/allsteel.dk\/en\/\",\"name\":\"Velkommen til All Steel\",\"description\":\"St\u00e5l med finesser og detaljer\",\"potentialAction\":[{\"@type\":\"SearchAction\",\"target\":{\"@type\":\"EntryPoint\",\"urlTemplate\":\"https:\/\/allsteel.dk\/en\/?s={search_term_string}\"},\"query-input\":{\"@type\":\"PropertyValueSpecification\",\"valueRequired\":true,\"valueName\":\"search_term_string\"}}],\"inLanguage\":\"en-US\"}]}<\/script>\n<!-- \/ Yoast SEO plugin. -->","yoast_head_json":{"title":"News - Velkommen til All Steel","description":"News. Find out more about the certification for CE marking, how robotic welding can be programmed for different tasks and other news.","robots":{"index":"index","follow":"follow","max-snippet":"max-snippet:-1","max-image-preview":"max-image-preview:large","max-video-preview":"max-video-preview:-1"},"canonical":"https:\/\/allsteel.dk\/en\/news\/","og_locale":"en_US","og_type":"article","og_title":"News - Velkommen til All Steel","og_description":"News. Find out more about the certification for CE marking, how robotic welding can be programmed for different tasks and other news.","og_url":"https:\/\/allsteel.dk\/en\/news\/","og_site_name":"Velkommen til All Steel","article_modified_time":"2024-02-21T09:35:35+00:00","twitter_card":"summary_large_image","twitter_misc":{"Est. reading time":"2 minutes"},"schema":{"@context":"https:\/\/schema.org","@graph":[{"@type":"WebPage","@id":"https:\/\/allsteel.dk\/en\/news\/","url":"https:\/\/allsteel.dk\/en\/news\/","name":"News - Velkommen til All Steel","isPartOf":{"@id":"https:\/\/allsteel.dk\/en\/#website"},"datePublished":"2020-08-24T21:34:42+00:00","dateModified":"2024-02-21T09:35:35+00:00","description":"News. Find out more about the certification for CE marking, how robotic welding can be programmed for different tasks and other news.","breadcrumb":{"@id":"https:\/\/allsteel.dk\/en\/news\/#breadcrumb"},"inLanguage":"en-US","potentialAction":[{"@type":"ReadAction","target":["https:\/\/allsteel.dk\/en\/news\/"]}]},{"@type":"BreadcrumbList","@id":"https:\/\/allsteel.dk\/en\/news\/#breadcrumb","itemListElement":[{"@type":"ListItem","position":1,"name":"All Steel","item":"https:\/\/allsteel.dk\/en\/all-steel\/"},{"@type":"ListItem","position":2,"name":"News"}]},{"@type":"WebSite","@id":"https:\/\/allsteel.dk\/en\/#website","url":"https:\/\/allsteel.dk\/en\/","name":"Velkommen til All Steel","description":"St\u00e5l med finesser og detaljer","potentialAction":[{"@type":"SearchAction","target":{"@type":"EntryPoint","urlTemplate":"https:\/\/allsteel.dk\/en\/?s={search_term_string}"},"query-input":{"@type":"PropertyValueSpecification","valueRequired":true,"valueName":"search_term_string"}}],"inLanguage":"en-US"}]}},"_links":{"self":[{"href":"https:\/\/allsteel.dk\/en\/wp-json\/wp\/v2\/pages\/831","targetHints":{"allow":["GET"]}}],"collection":[{"href":"https:\/\/allsteel.dk\/en\/wp-json\/wp\/v2\/pages"}],"about":[{"href":"https:\/\/allsteel.dk\/en\/wp-json\/wp\/v2\/types\/page"}],"author":[{"embeddable":true,"href":"https:\/\/allsteel.dk\/en\/wp-json\/wp\/v2\/users\/9"}],"replies":[{"embeddable":true,"href":"https:\/\/allsteel.dk\/en\/wp-json\/wp\/v2\/comments?post=831"}],"version-history":[{"count":7,"href":"https:\/\/allsteel.dk\/en\/wp-json\/wp\/v2\/pages\/831\/revisions"}],"predecessor-version":[{"id":1629,"href":"https:\/\/allsteel.dk\/en\/wp-json\/wp\/v2\/pages\/831\/revisions\/1629"}],"wp:attachment":[{"href":"https:\/\/allsteel.dk\/en\/wp-json\/wp\/v2\/media?parent=831"}],"curies":[{"name":"wp","href":"https:\/\/api.w.org\/{rel}","templated":true}]}}